{"id":585,"date":"2020-05-14T04:56:16","date_gmt":"2020-05-14T07:56:16","guid":{"rendered":"http:\/\/anchord.themezinho.net\/?page_id=585"},"modified":"2020-08-24T15:35:19","modified_gmt":"2020-08-24T18:35:19","slug":"reel","status":"publish","type":"page","link":"https:\/\/www.bilivmedia.com\/en\/reel\/","title":{"rendered":"REEL"},"content":{"rendered":"<div data-vc-full-width=\"true\" data-vc-full-width-init=\"false\" data-vc-stretch-content=\"true\" class=\"vc_row wpb_row vc_row-fluid wpb_animate_when_almost_visible wpb_bounceInUp bounceInUp vc_custom_1594739781173 vc_row-has-fill vc_row-o-equal-height vc_row-flex\"><div class=\"wpb_column vc_column_container vc_col-sm-12\"><div class=\"vc_column-inner\"><div class=\"wpb_wrapper\">\n\t<div class=\"wpb_video_widget wpb_content_element vc_clearfix  wpb_animate_when_almost_visible wpb_flipInX flipInX  vc_custom_1598294116956 vc_video-aspect-ratio-169 vc_video-el-width-100 vc_video-align-center\" >\n\t\t<div class=\"wpb_wrapper\">\n\t\t\t\n\t\t\t<div class=\"wpb_video_wrapper\"><iframe title=\"REEL 2020\" data-src=\"https:\/\/player.vimeo.com\/video\/451242337?dnt=1&amp;app_id=122963\" width=\"640\" height=\"360\" frameborder=\"0\" allow=\"autoplay; fullscreen; picture-in-picture; clipboard-write; encrypted-media; web-share\" referrerpolicy=\"strict-origin-when-cross-origin\" src=\"data:image\/svg+xml;base64,PHN2ZyB3aWR0aD0iMSIgaGVpZ2h0PSIxIiB4bWxucz0iaHR0cDovL3d3dy53My5vcmcvMjAwMC9zdmciPjwvc3ZnPg==\" class=\"lazyload\" data-load-mode=\"1\"><\/iframe><\/div>\n\t\t<\/div>\n\t<\/div>\n<\/div><\/div><\/div><\/div><div class=\"vc_row-full-width vc_clearfix\"><\/div>","protected":false},"excerpt":{"rendered":"","protected":false},"author":1,"featured_media":0,"parent":0,"menu_order":0,"comment_status":"closed","ping_status":"closed","template":"page-builder.php","meta":{"ngg_post_thumbnail":0,"footnotes":""},"class_list":["post-585","page","type-page","status-publish","hentry"],"yoast_head":"<!-- This site is optimized with the Yoast SEO plugin v26.6 - https:\/\/yoast.com\/wordpress\/plugins\/seo\/ -->\n<title>REEL ~ Biliv Media<\/title>\n<meta name=\"robots\" content=\"index, follow, max-snippet:-1, max-image-preview:large, max-video-preview:-1\" \/>\n<link rel=\"canonical\" href=\"https:\/\/www.bilivmedia.com\/en\/reel\/\" \/>\n<meta property=\"og:locale\" content=\"en_US\" \/>\n<meta property=\"og:type\" content=\"article\" \/>\n<meta property=\"og:title\" content=\"REEL ~ Biliv Media\" \/>\n<meta property=\"og:url\" content=\"https:\/\/www.bilivmedia.com\/en\/reel\/\" \/>\n<meta property=\"og:site_name\" content=\"Biliv Media\" \/>\n<meta property=\"article:modified_time\" content=\"2020-08-24T18:35:19+00:00\" \/>\n<meta name=\"twitter:card\" content=\"summary_large_image\" \/>\n<script type=\"application\/ld+json\" class=\"yoast-schema-graph\">{\"@context\":\"https:\/\/schema.org\",\"@graph\":[{\"@type\":\"WebPage\",\"@id\":\"https:\/\/www.bilivmedia.com\/reel\/\",\"url\":\"https:\/\/www.bilivmedia.com\/reel\/\",\"name\":\"REEL ~ Biliv Media\",\"isPartOf\":{\"@id\":\"https:\/\/www.bilivmedia.com\/#website\"},\"datePublished\":\"2020-05-14T07:56:16+00:00\",\"dateModified\":\"2020-08-24T18:35:19+00:00\",\"breadcrumb\":{\"@id\":\"https:\/\/www.bilivmedia.com\/reel\/#breadcrumb\"},\"inLanguage\":\"en-US\",\"potentialAction\":[{\"@type\":\"ReadAction\",\"target\":[\"https:\/\/www.bilivmedia.com\/reel\/\"]}]},{\"@type\":\"BreadcrumbList\",\"@id\":\"https:\/\/www.bilivmedia.com\/reel\/#breadcrumb\",\"itemListElement\":[{\"@type\":\"ListItem\",\"position\":1,\"name\":\"Inicio\",\"item\":\"https:\/\/www.bilivmedia.com\/\"},{\"@type\":\"ListItem\",\"position\":2,\"name\":\"REEL\"}]},{\"@type\":\"WebSite\",\"@id\":\"https:\/\/www.bilivmedia.com\/#website\",\"url\":\"https:\/\/www.bilivmedia.com\/\",\"name\":\"Biliv Media\",\"description\":\"Estudio boutique de VFX, Motion Graphics, Dise\u00f1o gr\u00e1fico, Modelado 3D, fotogrametr\u00eda, animaciones 3D y postproducci\u00f3n.\",\"publisher\":{\"@id\":\"https:\/\/www.bilivmedia.com\/#organization\"},\"potentialAction\":[{\"@type\":\"SearchAction\",\"target\":{\"@type\":\"EntryPoint\",\"urlTemplate\":\"https:\/\/www.bilivmedia.com\/?s={search_term_string}\"},\"query-input\":{\"@type\":\"PropertyValueSpecification\",\"valueRequired\":true,\"valueName\":\"search_term_string\"}}],\"inLanguage\":\"en-US\"},{\"@type\":\"Organization\",\"@id\":\"https:\/\/www.bilivmedia.com\/#organization\",\"name\":\"Biliv Media\",\"url\":\"https:\/\/www.bilivmedia.com\/\",\"logo\":{\"@type\":\"ImageObject\",\"inLanguage\":\"en-US\",\"@id\":\"https:\/\/www.bilivmedia.com\/#\/schema\/logo\/image\/\",\"url\":\"https:\/\/www.bilivmedia.com\/wp-content\/uploads\/2020\/08\/thumb.jpg\",\"contentUrl\":\"https:\/\/www.bilivmedia.com\/wp-content\/uploads\/2020\/08\/thumb.jpg\",\"width\":1200,\"height\":628,\"caption\":\"Biliv Media\"},\"image\":{\"@id\":\"https:\/\/www.bilivmedia.com\/#\/schema\/logo\/image\/\"}}]}<\/script>\n<!-- \/ Yoast SEO plugin. -->","yoast_head_json":{"title":"REEL ~ Biliv Media","robots":{"index":"index","follow":"follow","max-snippet":"max-snippet:-1","max-image-preview":"max-image-preview:large","max-video-preview":"max-video-preview:-1"},"canonical":"https:\/\/www.bilivmedia.com\/en\/reel\/","og_locale":"en_US","og_type":"article","og_title":"REEL ~ Biliv Media","og_url":"https:\/\/www.bilivmedia.com\/en\/reel\/","og_site_name":"Biliv Media","article_modified_time":"2020-08-24T18:35:19+00:00","twitter_card":"summary_large_image","schema":{"@context":"https:\/\/schema.org","@graph":[{"@type":"WebPage","@id":"https:\/\/www.bilivmedia.com\/reel\/","url":"https:\/\/www.bilivmedia.com\/reel\/","name":"REEL ~ Biliv Media","isPartOf":{"@id":"https:\/\/www.bilivmedia.com\/#website"},"datePublished":"2020-05-14T07:56:16+00:00","dateModified":"2020-08-24T18:35:19+00:00","breadcrumb":{"@id":"https:\/\/www.bilivmedia.com\/reel\/#breadcrumb"},"inLanguage":"en-US","potentialAction":[{"@type":"ReadAction","target":["https:\/\/www.bilivmedia.com\/reel\/"]}]},{"@type":"BreadcrumbList","@id":"https:\/\/www.bilivmedia.com\/reel\/#breadcrumb","itemListElement":[{"@type":"ListItem","position":1,"name":"Inicio","item":"https:\/\/www.bilivmedia.com\/"},{"@type":"ListItem","position":2,"name":"REEL"}]},{"@type":"WebSite","@id":"https:\/\/www.bilivmedia.com\/#website","url":"https:\/\/www.bilivmedia.com\/","name":"Biliv Media","description":"Estudio boutique de VFX, Motion Graphics, Dise\u00f1o gr\u00e1fico, Modelado 3D, fotogrametr\u00eda, animaciones 3D y postproducci\u00f3n.","publisher":{"@id":"https:\/\/www.bilivmedia.com\/#organization"},"potentialAction":[{"@type":"SearchAction","target":{"@type":"EntryPoint","urlTemplate":"https:\/\/www.bilivmedia.com\/?s={search_term_string}"},"query-input":{"@type":"PropertyValueSpecification","valueRequired":true,"valueName":"search_term_string"}}],"inLanguage":"en-US"},{"@type":"Organization","@id":"https:\/\/www.bilivmedia.com\/#organization","name":"Biliv Media","url":"https:\/\/www.bilivmedia.com\/","logo":{"@type":"ImageObject","inLanguage":"en-US","@id":"https:\/\/www.bilivmedia.com\/#\/schema\/logo\/image\/","url":"https:\/\/www.bilivmedia.com\/wp-content\/uploads\/2020\/08\/thumb.jpg","contentUrl":"https:\/\/www.bilivmedia.com\/wp-content\/uploads\/2020\/08\/thumb.jpg","width":1200,"height":628,"caption":"Biliv Media"},"image":{"@id":"https:\/\/www.bilivmedia.com\/#\/schema\/logo\/image\/"}}]}},"_links":{"self":[{"href":"https:\/\/www.bilivmedia.com\/en\/wp-json\/wp\/v2\/pages\/585","targetHints":{"allow":["GET"]}}],"collection":[{"href":"https:\/\/www.bilivmedia.com\/en\/wp-json\/wp\/v2\/pages"}],"about":[{"href":"https:\/\/www.bilivmedia.com\/en\/wp-json\/wp\/v2\/types\/page"}],"author":[{"embeddable":true,"href":"https:\/\/www.bilivmedia.com\/en\/wp-json\/wp\/v2\/users\/1"}],"replies":[{"embeddable":true,"href":"https:\/\/www.bilivmedia.com\/en\/wp-json\/wp\/v2\/comments?post=585"}],"version-history":[{"count":48,"href":"https:\/\/www.bilivmedia.com\/en\/wp-json\/wp\/v2\/pages\/585\/revisions"}],"predecessor-version":[{"id":1359,"href":"https:\/\/www.bilivmedia.com\/en\/wp-json\/wp\/v2\/pages\/585\/revisions\/1359"}],"wp:attachment":[{"href":"https:\/\/www.bilivmedia.com\/en\/wp-json\/wp\/v2\/media?parent=585"}],"curies":[{"name":"wp","href":"https:\/\/api.w.org\/{rel}","templated":true}]}}