{"id":34,"date":"2018-10-09T08:04:43","date_gmt":"2018-10-09T11:04:43","guid":{"rendered":"http:\/\/anchor.themeshop.co\/?page_id=34"},"modified":"2022-07-26T00:05:07","modified_gmt":"2022-07-26T03:05:07","slug":"estudio","status":"publish","type":"page","link":"https:\/\/www.bilivmedia.com\/en\/estudio\/","title":{"rendered":"ABOUT ME"},"content":{"rendered":"<section class=\"content\"><div class=\"vc_row wpb_row vc_row-fluid about-studio\"><div class=\"wpb_animate_when_almost_visible wpb_fadeInUp fadeInUp wpb_column vc_column_container vc_col-sm-12\"><div class=\"vc_column-inner\"><div class=\"wpb_wrapper\"><div class=\"vc_row wpb_row vc_inner vc_row-fluid\"><div class=\"wpb_column vc_column_container vc_col-sm-12\"><div class=\"vc_column-inner\"><div class=\"wpb_wrapper\"><div class=\"vc_separator wpb_content_element vc_separator_align_center vc_sep_width_100 vc_sep_pos_align_center vc_separator_no_text vc_sep_color_grey\" ><span class=\"vc_sep_holder vc_sep_holder_l\"><span  class=\"vc_sep_line\"><\/span><\/span><span class=\"vc_sep_holder vc_sep_holder_r\"><span  class=\"vc_sep_line\"><\/span><\/span>\n<\/div><\/div><\/div><\/div><\/div><\/div><\/div><\/div><\/div><\/section><section class=\"content\"><div class=\"container\"><div class=\"vc_row wpb_row vc_row-fluid about-studio\"><div class=\"wpb_animate_when_almost_visible wpb_fadeInLeft fadeInLeft wpb_column vc_column_container vc_col-sm-4 vc_col-lg-4 vc_col-md-12 vc_col-xs-12\"><div class=\"vc_column-inner\"><div class=\"wpb_wrapper\">\n\t<div class=\"wpb_text_column wpb_content_element  wpb_animate_when_almost_visible wpb_fadeInLeft fadeInLeft\" >\n\t\t<div class=\"wpb_wrapper\">\n\t\t\t<p><span style=\"font-family: gotham-bold; font-size: 18pt;\"><span style=\"font-size: 14pt;\"><strong>MY NAME IS<\/strong> <\/span><span style=\"color: #b73939;\"><strong>BRIAN LIVACHOF<\/strong><\/span><span style=\"font-size: 14pt;\">, <strong>IM MULTIMEDIA DESIGNER <\/strong><\/span><\/span><\/p>\n<p><span style=\"font-family: gotham-bold; font-size: 14pt;\"><strong>AND DO YOU KNOW WHAT I AM PASSIONATE? <\/strong><span style=\"color: #b73939; font-size: 18pt;\"><strong>CHALLENGES<\/strong><\/span><\/span><\/p>\n\n\t\t<\/div>\n\t<\/div>\n<\/div><\/div><\/div><div class=\"wpb_animate_when_almost_visible wpb_fadeInRight fadeInRight wpb_column vc_column_container vc_col-sm-8\"><div class=\"vc_column-inner\"><div class=\"wpb_wrapper\">\n\t<div class=\"wpb_text_column wpb_content_element\" >\n\t\t<div class=\"wpb_wrapper\">\n\t\t\t<p>When the first computer came to my house, I was eight years old by then.<\/p>\n<p>Summer nights during school holidays had flavors of all kinds. Among other things, I liked spending hours browsing entertainment blogs. Little by little, and perhaps without wanting to, I found myself in some of those places with animated \u201cthings\u201d that moved. And right there I discovered something that they called \"tutorials\", in which they explained how they did those \"things\". I didn't even know what they were!<\/p>\n<p>I wanted to learn how to do that. So those unknown tutorials became my best friends. One night I downloaded the Paint Shop Pro and he had me fiddling with it without knowing exactly what he was doing. To top it all, at that time I was playing a soccer video game. A good man put together custom shields for everyone. He had also made stadiums in 3D, gifs of soccer players kicking in the best Mortal Kombat style. Crazy! I wanted to do the same.<\/p>\n<p>I wanted to do the same.<\/p>\n<p>I always liked the cinema. Every time I went to see a movie, I was intrigued by how they made things explode and buildings collapse. And one day I saw Avatar, the James Cameron movie, which was a milestone in the history of visual effects. But it marked me greatly.<\/p>\n<p>I was in high school and I, in the best self-taught style, already knew how to use Photoshop, Illustrator and some other design tools. When it came time to decide what to study, I knew that in Argentina there was no career focused on visual effects. But at the same time, I didn't want to do the traditional graphic design career. I wanted more. It was then that I decided on Multimedia Design at the Da Vinci school. It had design, yes. But also 3D. It combined design with technology. What did I like the most about the race? Motion Graphics, 3D Design, modeling, effects, simulations.<\/p>\n<p>I am a perfectionist, I am passionate about being in the details. I love taking the real, the tangible, to the digital. To my world.<\/p>\n<p class=\"translation-block\"><span style=\"color: #b73a3b\">Learn more about me on <a style=\"color: #b73a3b\" href=\"https:\/\/www.linkedin.com\/in\/brianlivachof\/\" target=\"_self\">LinkedIn.<\/a>.<\/span><\/p>\n\n\t\t<\/div>\n\t<\/div>\n<\/div><\/div><\/div><\/div><\/div><\/section>","protected":false},"excerpt":{"rendered":"ME LLAMO BRIAN LIVACHOF, SOY DISE\u00d1ADOR MULTIMEDIA. \u00bfY SAB\u00c9S QU\u00c9 ME APASIONA? LOS DESAF\u00cdOS Cuando lleg\u00f3 la primera computadora a mi casa yo ten\u00eda, para entonces, ocho a\u00f1os. Las noches de verano en tiempos de vacaciones escolares ten\u00edan sabores de todo tipo. Entre otras cosas, me gustaba pasarme horas navegando en blogs de entretenimiento. De [...]","protected":false},"author":1,"featured_media":0,"parent":0,"menu_order":0,"comment_status":"closed","ping_status":"closed","template":"page-builder.php","meta":{"ngg_post_thumbnail":0,"footnotes":""},"class_list":["post-34","page","type-page","status-publish","hentry"],"yoast_head":"<!-- This site is optimized with the Yoast SEO plugin v26.6 - https:\/\/yoast.com\/wordpress\/plugins\/seo\/ -->\n<title>EL ESTUDIO ~ Biliv Media<\/title>\n<meta name=\"robots\" content=\"index, follow, max-snippet:-1, max-image-preview:large, max-video-preview:-1\" \/>\n<link rel=\"canonical\" href=\"https:\/\/www.bilivmedia.com\/en\/estudio\/\" \/>\n<meta property=\"og:locale\" content=\"en_US\" \/>\n<meta property=\"og:type\" content=\"article\" \/>\n<meta property=\"og:title\" content=\"EL ESTUDIO ~ Biliv Media\" \/>\n<meta property=\"og:url\" content=\"https:\/\/www.bilivmedia.com\/en\/estudio\/\" \/>\n<meta property=\"og:site_name\" content=\"Biliv Media\" \/>\n<meta property=\"article:modified_time\" content=\"2022-07-26T03:05:07+00:00\" \/>\n<meta name=\"twitter:card\" content=\"summary_large_image\" \/>\n<meta name=\"twitter:label1\" content=\"Est. reading time\" \/>\n\t<meta name=\"twitter:data1\" content=\"2 minutes\" \/>\n<script type=\"application\/ld+json\" class=\"yoast-schema-graph\">{\"@context\":\"https:\/\/schema.org\",\"@graph\":[{\"@type\":\"WebPage\",\"@id\":\"https:\/\/www.bilivmedia.com\/estudio\/\",\"url\":\"https:\/\/www.bilivmedia.com\/estudio\/\",\"name\":\"EL ESTUDIO ~ Biliv Media\",\"isPartOf\":{\"@id\":\"https:\/\/www.bilivmedia.com\/#website\"},\"datePublished\":\"2018-10-09T11:04:43+00:00\",\"dateModified\":\"2022-07-26T03:05:07+00:00\",\"breadcrumb\":{\"@id\":\"https:\/\/www.bilivmedia.com\/estudio\/#breadcrumb\"},\"inLanguage\":\"en-US\",\"potentialAction\":[{\"@type\":\"ReadAction\",\"target\":[\"https:\/\/www.bilivmedia.com\/estudio\/\"]}]},{\"@type\":\"BreadcrumbList\",\"@id\":\"https:\/\/www.bilivmedia.com\/estudio\/#breadcrumb\",\"itemListElement\":[{\"@type\":\"ListItem\",\"position\":1,\"name\":\"Inicio\",\"item\":\"https:\/\/www.bilivmedia.com\/\"},{\"@type\":\"ListItem\",\"position\":2,\"name\":\"EL ESTUDIO\"}]},{\"@type\":\"WebSite\",\"@id\":\"https:\/\/www.bilivmedia.com\/#website\",\"url\":\"https:\/\/www.bilivmedia.com\/\",\"name\":\"Biliv Media\",\"description\":\"Estudio boutique de VFX, Motion Graphics, Dise\u00f1o gr\u00e1fico, Modelado 3D, fotogrametr\u00eda, animaciones 3D y postproducci\u00f3n.\",\"publisher\":{\"@id\":\"https:\/\/www.bilivmedia.com\/#organization\"},\"potentialAction\":[{\"@type\":\"SearchAction\",\"target\":{\"@type\":\"EntryPoint\",\"urlTemplate\":\"https:\/\/www.bilivmedia.com\/?s={search_term_string}\"},\"query-input\":{\"@type\":\"PropertyValueSpecification\",\"valueRequired\":true,\"valueName\":\"search_term_string\"}}],\"inLanguage\":\"en-US\"},{\"@type\":\"Organization\",\"@id\":\"https:\/\/www.bilivmedia.com\/#organization\",\"name\":\"Biliv Media\",\"url\":\"https:\/\/www.bilivmedia.com\/\",\"logo\":{\"@type\":\"ImageObject\",\"inLanguage\":\"en-US\",\"@id\":\"https:\/\/www.bilivmedia.com\/#\/schema\/logo\/image\/\",\"url\":\"https:\/\/www.bilivmedia.com\/wp-content\/uploads\/2020\/08\/thumb.jpg\",\"contentUrl\":\"https:\/\/www.bilivmedia.com\/wp-content\/uploads\/2020\/08\/thumb.jpg\",\"width\":1200,\"height\":628,\"caption\":\"Biliv Media\"},\"image\":{\"@id\":\"https:\/\/www.bilivmedia.com\/#\/schema\/logo\/image\/\"}}]}<\/script>\n<!-- \/ Yoast SEO plugin. -->","yoast_head_json":{"title":"EL ESTUDIO ~ Biliv Media","robots":{"index":"index","follow":"follow","max-snippet":"max-snippet:-1","max-image-preview":"max-image-preview:large","max-video-preview":"max-video-preview:-1"},"canonical":"https:\/\/www.bilivmedia.com\/en\/estudio\/","og_locale":"en_US","og_type":"article","og_title":"EL ESTUDIO ~ Biliv Media","og_url":"https:\/\/www.bilivmedia.com\/en\/estudio\/","og_site_name":"Biliv Media","article_modified_time":"2022-07-26T03:05:07+00:00","twitter_card":"summary_large_image","twitter_misc":{"Est. reading time":"2 minutes"},"schema":{"@context":"https:\/\/schema.org","@graph":[{"@type":"WebPage","@id":"https:\/\/www.bilivmedia.com\/estudio\/","url":"https:\/\/www.bilivmedia.com\/estudio\/","name":"EL ESTUDIO ~ Biliv Media","isPartOf":{"@id":"https:\/\/www.bilivmedia.com\/#website"},"datePublished":"2018-10-09T11:04:43+00:00","dateModified":"2022-07-26T03:05:07+00:00","breadcrumb":{"@id":"https:\/\/www.bilivmedia.com\/estudio\/#breadcrumb"},"inLanguage":"en-US","potentialAction":[{"@type":"ReadAction","target":["https:\/\/www.bilivmedia.com\/estudio\/"]}]},{"@type":"BreadcrumbList","@id":"https:\/\/www.bilivmedia.com\/estudio\/#breadcrumb","itemListElement":[{"@type":"ListItem","position":1,"name":"Inicio","item":"https:\/\/www.bilivmedia.com\/"},{"@type":"ListItem","position":2,"name":"EL ESTUDIO"}]},{"@type":"WebSite","@id":"https:\/\/www.bilivmedia.com\/#website","url":"https:\/\/www.bilivmedia.com\/","name":"Biliv Media","description":"Estudio boutique de VFX, Motion Graphics, Dise\u00f1o gr\u00e1fico, Modelado 3D, fotogrametr\u00eda, animaciones 3D y postproducci\u00f3n.","publisher":{"@id":"https:\/\/www.bilivmedia.com\/#organization"},"potentialAction":[{"@type":"SearchAction","target":{"@type":"EntryPoint","urlTemplate":"https:\/\/www.bilivmedia.com\/?s={search_term_string}"},"query-input":{"@type":"PropertyValueSpecification","valueRequired":true,"valueName":"search_term_string"}}],"inLanguage":"en-US"},{"@type":"Organization","@id":"https:\/\/www.bilivmedia.com\/#organization","name":"Biliv Media","url":"https:\/\/www.bilivmedia.com\/","logo":{"@type":"ImageObject","inLanguage":"en-US","@id":"https:\/\/www.bilivmedia.com\/#\/schema\/logo\/image\/","url":"https:\/\/www.bilivmedia.com\/wp-content\/uploads\/2020\/08\/thumb.jpg","contentUrl":"https:\/\/www.bilivmedia.com\/wp-content\/uploads\/2020\/08\/thumb.jpg","width":1200,"height":628,"caption":"Biliv Media"},"image":{"@id":"https:\/\/www.bilivmedia.com\/#\/schema\/logo\/image\/"}}]}},"_links":{"self":[{"href":"https:\/\/www.bilivmedia.com\/en\/wp-json\/wp\/v2\/pages\/34","targetHints":{"allow":["GET"]}}],"collection":[{"href":"https:\/\/www.bilivmedia.com\/en\/wp-json\/wp\/v2\/pages"}],"about":[{"href":"https:\/\/www.bilivmedia.com\/en\/wp-json\/wp\/v2\/types\/page"}],"author":[{"embeddable":true,"href":"https:\/\/www.bilivmedia.com\/en\/wp-json\/wp\/v2\/users\/1"}],"replies":[{"embeddable":true,"href":"https:\/\/www.bilivmedia.com\/en\/wp-json\/wp\/v2\/comments?post=34"}],"version-history":[{"count":65,"href":"https:\/\/www.bilivmedia.com\/en\/wp-json\/wp\/v2\/pages\/34\/revisions"}],"predecessor-version":[{"id":1385,"href":"https:\/\/www.bilivmedia.com\/en\/wp-json\/wp\/v2\/pages\/34\/revisions\/1385"}],"wp:attachment":[{"href":"https:\/\/www.bilivmedia.com\/en\/wp-json\/wp\/v2\/media?parent=34"}],"curies":[{"name":"wp","href":"https:\/\/api.w.org\/{rel}","templated":true}]}}