{"id":26,"date":"2018-10-09T08:03:31","date_gmt":"2018-10-09T11:03:31","guid":{"rendered":"http:\/\/anchor.themeshop.co\/?page_id=26"},"modified":"2026-02-03T18:49:32","modified_gmt":"2026-02-03T21:49:32","slug":"inicio","status":"publish","type":"page","link":"https:\/\/www.bilivmedia.com\/en\/","title":{"rendered":"HOME"},"content":{"rendered":"<div data-vc-full-width=\"true\" data-vc-full-width-init=\"false\" data-vc-stretch-content=\"true\" class=\"vc_row wpb_row vc_row-fluid wpb_animate_when_almost_visible wpb_fadeInDown fadeInDown vc_row-no-padding\"><div class=\"wpb_column vc_column_container vc_col-sm-12\"><div class=\"vc_column-inner\"><div class=\"wpb_wrapper\">\t\t\t\t\t\t<section class=\"slider\">\n\t\t\t\t\t\t\t<div class=\"video-bg\">\n\t\t\t\t\t\t   \t\t<video src=\"https:\/\/www.bilivmedia.com\/wp-content\/uploads\/2018\/11\/videohome.mp4\" loop muted autoplay><\/video>\n\t\t\t\t\t\t   <\/div>\n                            <div class=\"swiper-container\" data-speed=\"600\" data-autoplay-delay=\"4500\" data-loop=\"disable\">\n\t\t\t\t                <div class=\"swiper-wrapper\">\n\t\t\t\t                    \t\t\t\t                        <div class=\"swiper-slide bg-image\">\n\t\t\t\t                            <div class=\"inner\">\n\t\t\t\t                                \t\t\t\t                                <h2 data-swiper-parallax=\"-400\">Feel the invisible <br>and be able <br>to create it.<\/h2>\n\n\t\t\t\t\t                            \n\t\t\t\t\t                            \n\t\t\t\t\t\t\t                    \t\t\t\t                            <\/div>\n\t\t\t\t                            <!-- end inner -->\n\t\t\t\t                        <\/div>\n\t\t\t\t                        \t\t\t\t                <\/div>\n\n\t                            \t                                                        <\/div>\n\t\t\t\t            <!-- end swiper-container -->\n\t\t\t\t            <div class=\"scroll-down\"><span><\/span><\/div>\n\t\t\t\t        <\/section>\n\t\t\t\t\t\t<\/div><\/div><\/div><\/div><div class=\"vc_row-full-width vc_clearfix\"><\/div><div class=\"vc_row wpb_row vc_row-fluid vc_custom_1597597639201 vc_row-has-fill vc_row-o-content-middle vc_row-flex\"><div class=\"wpb_animate_when_almost_visible wpb_fadeInUp fadeInUp wpb_column vc_column_container vc_col-sm-12\"><div class=\"vc_column-inner\"><div class=\"wpb_wrapper\">        <div class=\"icon-features wow fadeInDown\" \">\n                        <small>WE ARE BILIV MEDIA<\/small>\n\n            <p><p>Un estudio boutique argentino especializado en VFX, Motion Graphics, Modelado 3D, Dise\u00f1o gr\u00e1fico, fotogrametr\u00eda, animaciones 3D y postproducci\u00f3n para publicidad y comerciales de TV.<\/p>\n<p>Design and technology come together to offer you a final product of the highest quality. Image enthusiasts, we constantly seek to push the limits of creativity. We work with a wide range of clients in the advertising, film and entertainment industries.<\/p>\n<\/p>\n                            <a href=\"http:\/\/www.bilivmedia.com\/en\/portfolio\/\">DISCOVER MORE<\/a>\n                    <\/div>\n\n\t\t<\/div><\/div><\/div><\/div><div class=\"vc_row wpb_row vc_row-fluid\"><div class=\"wpb_column vc_column_container vc_col-sm-12\"><div class=\"vc_column-inner\"><div class=\"wpb_wrapper\">            <div class=\"works three-cols\">\n                <div class=\"grid-sizer\"><\/div>\n\t\t\t\t                    <div class=\"grid-item\">\n                        <figure class=\"reveal-effect se2-white wow perspective-box\">\n                            <img decoding=\"async\" data-src=\"https:\/\/www.bilivmedia.com\/wp-content\/uploads\/2026\/01\/Untitled-3-Recovered.jpg\" alt=\"TTM\" src=\"data:image\/svg+xml;base64,PHN2ZyB3aWR0aD0iMSIgaGVpZ2h0PSIxIiB4bWxucz0iaHR0cDovL3d3dy53My5vcmcvMjAwMC9zdmciPjwvc3ZnPg==\" class=\"lazyload\" style=\"--smush-placeholder-width: 1881px; --smush-placeholder-aspect-ratio: 1881\/1061;\" \/>\n                            <figcaption>\n                                <a href=\"https:\/\/www.bilivmedia.com\/en\/portfolio\/ttm\/\">\n                                    <div class=\"bg-color\" data-background=\"#2095f4\"><\/div>\n\n\t\t\t\t\t\t\t\t\t                                        <div class=\"brand\">\n                                            <img decoding=\"async\" data-src=\"https:\/\/www.bilivmedia.com\/wp-content\/uploads\/2020\/07\/Logo-white.png\" src=\"data:image\/svg+xml;base64,PHN2ZyB3aWR0aD0iMSIgaGVpZ2h0PSIxIiB4bWxucz0iaHR0cDovL3d3dy53My5vcmcvMjAwMC9zdmciPjwvc3ZnPg==\" class=\"lazyload\" style=\"--smush-placeholder-width: 1239px; --smush-placeholder-aspect-ratio: 1239\/1060;\" \/>\n                                        <\/div>\n\t\t\t\t\t\t\t\t\t                                    <h5>TTM<\/h5>\n\n\t\t\t\t\t\t\t\t\t                                <\/a>\n                            <\/figcaption>\n                        <\/figure>\n                    <\/div>\n\t\t\t\t\t                    <div class=\"grid-item disenografico\">\n                        <figure class=\"reveal-effect se2-white wow perspective-box\">\n                            <img decoding=\"async\" data-src=\"https:\/\/www.bilivmedia.com\/wp-content\/uploads\/2026\/01\/Untitled-3.jpg\" alt=\"Bauletto redes\" src=\"data:image\/svg+xml;base64,PHN2ZyB3aWR0aD0iMSIgaGVpZ2h0PSIxIiB4bWxucz0iaHR0cDovL3d3dy53My5vcmcvMjAwMC9zdmciPjwvc3ZnPg==\" class=\"lazyload\" style=\"--smush-placeholder-width: 1881px; --smush-placeholder-aspect-ratio: 1881\/1061;\" \/>\n                            <figcaption>\n                                <a href=\"https:\/\/www.bilivmedia.com\/en\/portfolio\/bauletto-redes\/\">\n                                    <div class=\"bg-color\" data-background=\"#2095f4\"><\/div>\n\n\t\t\t\t\t\t\t\t\t                                        <div class=\"brand\">\n                                            <img decoding=\"async\" data-src=\"https:\/\/www.bilivmedia.com\/wp-content\/uploads\/2020\/07\/Logo-white.png\" src=\"data:image\/svg+xml;base64,PHN2ZyB3aWR0aD0iMSIgaGVpZ2h0PSIxIiB4bWxucz0iaHR0cDovL3d3dy53My5vcmcvMjAwMC9zdmciPjwvc3ZnPg==\" class=\"lazyload\" style=\"--smush-placeholder-width: 1239px; --smush-placeholder-aspect-ratio: 1239\/1060;\" \/>\n                                        <\/div>\n\t\t\t\t\t\t\t\t\t                                    <h5>Bauletto redes<\/h5>\n\n\t\t\t\t\t\t\t\t\t                                        <small>Dise\u00f1o Gr\u00e1fico<\/small>\n\t\t\t\t\t\t\t\t\t                                <\/a>\n                            <\/figcaption>\n                        <\/figure>\n                    <\/div>\n\t\t\t\t\t                    <div class=\"grid-item modelado3d\">\n                        <figure class=\"reveal-effect se2-white wow perspective-box\">\n                            <img decoding=\"async\" data-src=\"https:\/\/www.bilivmedia.com\/wp-content\/uploads\/2025\/10\/Untitled-1-1.jpg\" alt=\"Klepp\" src=\"data:image\/svg+xml;base64,PHN2ZyB3aWR0aD0iMSIgaGVpZ2h0PSIxIiB4bWxucz0iaHR0cDovL3d3dy53My5vcmcvMjAwMC9zdmciPjwvc3ZnPg==\" class=\"lazyload\" style=\"--smush-placeholder-width: 1881px; --smush-placeholder-aspect-ratio: 1881\/1061;\" \/>\n                            <figcaption>\n                                <a href=\"https:\/\/www.bilivmedia.com\/en\/portfolio\/klepp\/\">\n                                    <div class=\"bg-color\" data-background=\"#2095f4\"><\/div>\n\n\t\t\t\t\t\t\t\t\t                                        <div class=\"brand\">\n                                            <img decoding=\"async\" data-src=\"https:\/\/www.bilivmedia.com\/wp-content\/uploads\/2020\/07\/Logo-white.png\" src=\"data:image\/svg+xml;base64,PHN2ZyB3aWR0aD0iMSIgaGVpZ2h0PSIxIiB4bWxucz0iaHR0cDovL3d3dy53My5vcmcvMjAwMC9zdmciPjwvc3ZnPg==\" class=\"lazyload\" style=\"--smush-placeholder-width: 1239px; --smush-placeholder-aspect-ratio: 1239\/1060;\" \/>\n                                        <\/div>\n\t\t\t\t\t\t\t\t\t                                    <h5>Klepp<\/h5>\n\n\t\t\t\t\t\t\t\t\t                                        <small>3D Modeling<\/small>\n\t\t\t\t\t\t\t\t\t                                <\/a>\n                            <\/figcaption>\n                        <\/figure>\n                    <\/div>\n\t\t\t\t\t                    <div class=\"grid-item modelado3d\">\n                        <figure class=\"reveal-effect se2-white wow perspective-box\">\n                            <img decoding=\"async\" data-src=\"https:\/\/www.bilivmedia.com\/wp-content\/uploads\/2025\/10\/Untitled-1.jpg\" alt=\"Cuisine\" src=\"data:image\/svg+xml;base64,PHN2ZyB3aWR0aD0iMSIgaGVpZ2h0PSIxIiB4bWxucz0iaHR0cDovL3d3dy53My5vcmcvMjAwMC9zdmciPjwvc3ZnPg==\" class=\"lazyload\" style=\"--smush-placeholder-width: 1881px; --smush-placeholder-aspect-ratio: 1881\/1061;\" \/>\n                            <figcaption>\n                                <a href=\"https:\/\/www.bilivmedia.com\/en\/portfolio\/cuisine\/\">\n                                    <div class=\"bg-color\" data-background=\"#2095f4\"><\/div>\n\n\t\t\t\t\t\t\t\t\t                                        <div class=\"brand\">\n                                            <img decoding=\"async\" data-src=\"https:\/\/www.bilivmedia.com\/wp-content\/uploads\/2020\/07\/Logo-white.png\" src=\"data:image\/svg+xml;base64,PHN2ZyB3aWR0aD0iMSIgaGVpZ2h0PSIxIiB4bWxucz0iaHR0cDovL3d3dy53My5vcmcvMjAwMC9zdmciPjwvc3ZnPg==\" class=\"lazyload\" style=\"--smush-placeholder-width: 1239px; --smush-placeholder-aspect-ratio: 1239\/1060;\" \/>\n                                        <\/div>\n\t\t\t\t\t\t\t\t\t                                    <h5>Cuisine<\/h5>\n\n\t\t\t\t\t\t\t\t\t                                        <small>3D Modeling<\/small>\n\t\t\t\t\t\t\t\t\t                                <\/a>\n                            <\/figcaption>\n                        <\/figure>\n                    <\/div>\n\t\t\t\t\t                    <div class=\"grid-item disenografico\">\n                        <figure class=\"reveal-effect se2-white wow perspective-box\">\n                            <img decoding=\"async\" data-src=\"https:\/\/www.bilivmedia.com\/wp-content\/uploads\/2024\/12\/Untitled-1-3.jpg\" alt=\"Bag\u00f3\" src=\"data:image\/svg+xml;base64,PHN2ZyB3aWR0aD0iMSIgaGVpZ2h0PSIxIiB4bWxucz0iaHR0cDovL3d3dy53My5vcmcvMjAwMC9zdmciPjwvc3ZnPg==\" class=\"lazyload\" style=\"--smush-placeholder-width: 1881px; --smush-placeholder-aspect-ratio: 1881\/1061;\" \/>\n                            <figcaption>\n                                <a href=\"https:\/\/www.bilivmedia.com\/en\/portfolio\/bago\/\">\n                                    <div class=\"bg-color\" data-background=\"#2095f4\"><\/div>\n\n\t\t\t\t\t\t\t\t\t                                        <div class=\"brand\">\n                                            <img decoding=\"async\" data-src=\"https:\/\/www.bilivmedia.com\/wp-content\/uploads\/2020\/07\/Logo-white.png\" src=\"data:image\/svg+xml;base64,PHN2ZyB3aWR0aD0iMSIgaGVpZ2h0PSIxIiB4bWxucz0iaHR0cDovL3d3dy53My5vcmcvMjAwMC9zdmciPjwvc3ZnPg==\" class=\"lazyload\" style=\"--smush-placeholder-width: 1239px; --smush-placeholder-aspect-ratio: 1239\/1060;\" \/>\n                                        <\/div>\n\t\t\t\t\t\t\t\t\t                                    <h5>Bag\u00f3<\/h5>\n\n\t\t\t\t\t\t\t\t\t                                        <small>Dise\u00f1o Gr\u00e1fico<\/small>\n\t\t\t\t\t\t\t\t\t                                <\/a>\n                            <\/figcaption>\n                        <\/figure>\n                    <\/div>\n\t\t\t\t\t                    <div class=\"grid-item disenografico\">\n                        <figure class=\"reveal-effect se2-white wow perspective-box\">\n                            <img decoding=\"async\" data-src=\"https:\/\/www.bilivmedia.com\/wp-content\/uploads\/2024\/12\/Untitled-1.jpg\" alt=\"Toyota Kansai\" src=\"data:image\/svg+xml;base64,PHN2ZyB3aWR0aD0iMSIgaGVpZ2h0PSIxIiB4bWxucz0iaHR0cDovL3d3dy53My5vcmcvMjAwMC9zdmciPjwvc3ZnPg==\" class=\"lazyload\" style=\"--smush-placeholder-width: 1881px; --smush-placeholder-aspect-ratio: 1881\/1061;\" \/>\n                            <figcaption>\n                                <a href=\"https:\/\/www.bilivmedia.com\/en\/portfolio\/toyota-kansai\/\">\n                                    <div class=\"bg-color\" data-background=\"#2095f4\"><\/div>\n\n\t\t\t\t\t\t\t\t\t                                        <div class=\"brand\">\n                                            <img decoding=\"async\" data-src=\"https:\/\/www.bilivmedia.com\/wp-content\/uploads\/2020\/07\/Logo-white.png\" src=\"data:image\/svg+xml;base64,PHN2ZyB3aWR0aD0iMSIgaGVpZ2h0PSIxIiB4bWxucz0iaHR0cDovL3d3dy53My5vcmcvMjAwMC9zdmciPjwvc3ZnPg==\" class=\"lazyload\" style=\"--smush-placeholder-width: 1239px; --smush-placeholder-aspect-ratio: 1239\/1060;\" \/>\n                                        <\/div>\n\t\t\t\t\t\t\t\t\t                                    <h5>Toyota Kansai<\/h5>\n\n\t\t\t\t\t\t\t\t\t                                        <small>Dise\u00f1o Gr\u00e1fico<\/small>\n\t\t\t\t\t\t\t\t\t                                <\/a>\n                            <\/figcaption>\n                        <\/figure>\n                    <\/div>\n\t\t\t\t\t                    <div class=\"grid-item motiongraphics\">\n                        <figure class=\"reveal-effect se2-white wow perspective-box\">\n                            <img decoding=\"async\" data-src=\"https:\/\/www.bilivmedia.com\/wp-content\/uploads\/2020\/10\/gear.jpg\" alt=\"Gear Translations\" src=\"data:image\/svg+xml;base64,PHN2ZyB3aWR0aD0iMSIgaGVpZ2h0PSIxIiB4bWxucz0iaHR0cDovL3d3dy53My5vcmcvMjAwMC9zdmciPjwvc3ZnPg==\" class=\"lazyload\" style=\"--smush-placeholder-width: 1881px; --smush-placeholder-aspect-ratio: 1881\/1061;\" \/>\n                            <figcaption>\n                                <a href=\"https:\/\/www.bilivmedia.com\/en\/portfolio\/gear-translations\/\">\n                                    <div class=\"bg-color\" data-background=\"#2095f4\"><\/div>\n\n\t\t\t\t\t\t\t\t\t                                        <div class=\"brand\">\n                                            <img decoding=\"async\" data-src=\"https:\/\/www.bilivmedia.com\/wp-content\/uploads\/2020\/07\/Logo-white.png\" src=\"data:image\/svg+xml;base64,PHN2ZyB3aWR0aD0iMSIgaGVpZ2h0PSIxIiB4bWxucz0iaHR0cDovL3d3dy53My5vcmcvMjAwMC9zdmciPjwvc3ZnPg==\" class=\"lazyload\" style=\"--smush-placeholder-width: 1239px; --smush-placeholder-aspect-ratio: 1239\/1060;\" \/>\n                                        <\/div>\n\t\t\t\t\t\t\t\t\t                                    <h5>Gear Translations<\/h5>\n\n\t\t\t\t\t\t\t\t\t                                        <small>Motion Graphics<\/small>\n\t\t\t\t\t\t\t\t\t                                <\/a>\n                            <\/figcaption>\n                        <\/figure>\n                    <\/div>\n\t\t\t\t\t                    <div class=\"grid-item escaneos3d\">\n                        <figure class=\"reveal-effect se2-white wow perspective-box\">\n                            <img decoding=\"async\" data-src=\"https:\/\/www.bilivmedia.com\/wp-content\/uploads\/2020\/10\/botines.jpg\" alt=\"Botines Scan\" src=\"data:image\/svg+xml;base64,PHN2ZyB3aWR0aD0iMSIgaGVpZ2h0PSIxIiB4bWxucz0iaHR0cDovL3d3dy53My5vcmcvMjAwMC9zdmciPjwvc3ZnPg==\" class=\"lazyload\" style=\"--smush-placeholder-width: 1881px; --smush-placeholder-aspect-ratio: 1881\/1061;\" \/>\n                            <figcaption>\n                                <a href=\"https:\/\/www.bilivmedia.com\/en\/portfolio\/botines-scan\/\">\n                                    <div class=\"bg-color\" data-background=\"#2095f4\"><\/div>\n\n\t\t\t\t\t\t\t\t\t                                        <div class=\"brand\">\n                                            <img decoding=\"async\" data-src=\"https:\/\/www.bilivmedia.com\/wp-content\/uploads\/2020\/07\/Logo-white.png\" src=\"data:image\/svg+xml;base64,PHN2ZyB3aWR0aD0iMSIgaGVpZ2h0PSIxIiB4bWxucz0iaHR0cDovL3d3dy53My5vcmcvMjAwMC9zdmciPjwvc3ZnPg==\" class=\"lazyload\" style=\"--smush-placeholder-width: 1239px; --smush-placeholder-aspect-ratio: 1239\/1060;\" \/>\n                                        <\/div>\n\t\t\t\t\t\t\t\t\t                                    <h5>Botines Scan<\/h5>\n\n\t\t\t\t\t\t\t\t\t                                        <small>3D Scans<\/small>\n\t\t\t\t\t\t\t\t\t                                <\/a>\n                            <\/figcaption>\n                        <\/figure>\n                    <\/div>\n\t\t\t\t\t                    <div class=\"grid-item motiongraphics\">\n                        <figure class=\"reveal-effect se2-white wow perspective-box\">\n                            <img decoding=\"async\" data-src=\"https:\/\/www.bilivmedia.com\/wp-content\/uploads\/2020\/03\/Thumb0-1.jpg\" alt=\"Sahdes\" src=\"data:image\/svg+xml;base64,PHN2ZyB3aWR0aD0iMSIgaGVpZ2h0PSIxIiB4bWxucz0iaHR0cDovL3d3dy53My5vcmcvMjAwMC9zdmciPjwvc3ZnPg==\" class=\"lazyload\" style=\"--smush-placeholder-width: 1881px; --smush-placeholder-aspect-ratio: 1881\/1061;\" \/>\n                            <figcaption>\n                                <a href=\"https:\/\/www.bilivmedia.com\/en\/portfolio\/sahdes\/\">\n                                    <div class=\"bg-color\" data-background=\"#d6851b\"><\/div>\n\n\t\t\t\t\t\t\t\t\t                                        <div class=\"brand\">\n                                            <img decoding=\"async\" data-src=\"https:\/\/www.bilivmedia.com\/wp-content\/uploads\/2020\/07\/Logo-white.png\" src=\"data:image\/svg+xml;base64,PHN2ZyB3aWR0aD0iMSIgaGVpZ2h0PSIxIiB4bWxucz0iaHR0cDovL3d3dy53My5vcmcvMjAwMC9zdmciPjwvc3ZnPg==\" class=\"lazyload\" style=\"--smush-placeholder-width: 1239px; --smush-placeholder-aspect-ratio: 1239\/1060;\" \/>\n                                        <\/div>\n\t\t\t\t\t\t\t\t\t                                    <h5>Sahdes<\/h5>\n\n\t\t\t\t\t\t\t\t\t                                        <small>Motion Graphics<\/small>\n\t\t\t\t\t\t\t\t\t                                <\/a>\n                            <\/figcaption>\n                        <\/figure>\n                    <\/div>\n\t\t\t\t\t            <\/div>\n\t\t<\/div><\/div><\/div><\/div>","protected":false},"excerpt":{"rendered":"","protected":false},"author":1,"featured_media":0,"parent":0,"menu_order":0,"comment_status":"closed","ping_status":"closed","template":"page-builder.php","meta":{"ngg_post_thumbnail":0,"footnotes":""},"class_list":["post-26","page","type-page","status-publish","hentry"],"yoast_head":"<!-- This site is optimized with the Yoast SEO plugin v26.6 - https:\/\/yoast.com\/wordpress\/plugins\/seo\/ -->\n<title>Biliv Media<\/title>\n<meta name=\"description\" content=\"Estudio boutique especializado en VFX, Motion Graphics, Modelado 3D, fotogrametr\u00eda, animaciones 3D y postproducci\u00f3n.\" \/>\n<meta name=\"robots\" content=\"index, follow, max-snippet:-1, max-image-preview:large, max-video-preview:-1\" \/>\n<link rel=\"canonical\" href=\"https:\/\/www.bilivmedia.com\/en\/\" \/>\n<meta property=\"og:locale\" content=\"en_US\" \/>\n<meta property=\"og:type\" content=\"article\" \/>\n<meta property=\"og:title\" content=\"Biliv Media\" \/>\n<meta property=\"og:description\" content=\"Un estudio boutique argentino especializado en VFX, Motion Graphics, Modelado 3D, fotogrametr\u00eda, animaciones 3D y postproducci\u00f3n para publicidad y comerciales de TV.\" \/>\n<meta property=\"og:url\" content=\"https:\/\/www.bilivmedia.com\/en\/\" \/>\n<meta property=\"og:site_name\" content=\"Biliv Media\" \/>\n<meta property=\"article:modified_time\" content=\"2026-02-03T21:49:32+00:00\" \/>\n<meta property=\"og:image\" content=\"http:\/\/www.bilivmedia.com\/wp-content\/uploads\/2020\/08\/thumb.jpg\" \/>\n\t<meta property=\"og:image:width\" content=\"1200\" \/>\n\t<meta property=\"og:image:height\" content=\"628\" \/>\n\t<meta property=\"og:image:type\" content=\"image\/jpeg\" \/>\n<meta name=\"twitter:card\" content=\"summary_large_image\" \/>\n<meta name=\"twitter:label1\" content=\"Est. reading time\" \/>\n\t<meta name=\"twitter:data1\" content=\"1 minute\" \/>\n<script type=\"application\/ld+json\" class=\"yoast-schema-graph\">{\"@context\":\"https:\/\/schema.org\",\"@graph\":[{\"@type\":\"WebPage\",\"@id\":\"https:\/\/www.bilivmedia.com\/\",\"url\":\"https:\/\/www.bilivmedia.com\/\",\"name\":\"Biliv Media\",\"isPartOf\":{\"@id\":\"https:\/\/www.bilivmedia.com\/#website\"},\"datePublished\":\"2018-10-09T11:03:31+00:00\",\"dateModified\":\"2026-02-03T21:49:32+00:00\",\"description\":\"Estudio boutique especializado en VFX, Motion Graphics, Modelado 3D, fotogrametr\u00eda, animaciones 3D y postproducci\u00f3n.\",\"breadcrumb\":{\"@id\":\"https:\/\/www.bilivmedia.com\/#breadcrumb\"},\"inLanguage\":\"en-US\",\"potentialAction\":[{\"@type\":\"ReadAction\",\"target\":[\"https:\/\/www.bilivmedia.com\/\"]}]},{\"@type\":\"BreadcrumbList\",\"@id\":\"https:\/\/www.bilivmedia.com\/#breadcrumb\",\"itemListElement\":[{\"@type\":\"ListItem\",\"position\":1,\"name\":\"Inicio\",\"item\":\"https:\/\/www.bilivmedia.com\/\"},{\"@type\":\"ListItem\",\"position\":2,\"name\":\"INICIO\"}]},{\"@type\":\"WebSite\",\"@id\":\"https:\/\/www.bilivmedia.com\/#website\",\"url\":\"https:\/\/www.bilivmedia.com\/\",\"name\":\"Biliv Media\",\"description\":\"Estudio boutique de VFX, Motion Graphics, Dise\u00f1o gr\u00e1fico, Modelado 3D, fotogrametr\u00eda, animaciones 3D y postproducci\u00f3n.\",\"publisher\":{\"@id\":\"https:\/\/www.bilivmedia.com\/#organization\"},\"potentialAction\":[{\"@type\":\"SearchAction\",\"target\":{\"@type\":\"EntryPoint\",\"urlTemplate\":\"https:\/\/www.bilivmedia.com\/?s={search_term_string}\"},\"query-input\":{\"@type\":\"PropertyValueSpecification\",\"valueRequired\":true,\"valueName\":\"search_term_string\"}}],\"inLanguage\":\"en-US\"},{\"@type\":\"Organization\",\"@id\":\"https:\/\/www.bilivmedia.com\/#organization\",\"name\":\"Biliv Media\",\"url\":\"https:\/\/www.bilivmedia.com\/\",\"logo\":{\"@type\":\"ImageObject\",\"inLanguage\":\"en-US\",\"@id\":\"https:\/\/www.bilivmedia.com\/#\/schema\/logo\/image\/\",\"url\":\"https:\/\/www.bilivmedia.com\/wp-content\/uploads\/2020\/08\/thumb.jpg\",\"contentUrl\":\"https:\/\/www.bilivmedia.com\/wp-content\/uploads\/2020\/08\/thumb.jpg\",\"width\":1200,\"height\":628,\"caption\":\"Biliv Media\"},\"image\":{\"@id\":\"https:\/\/www.bilivmedia.com\/#\/schema\/logo\/image\/\"}}]}<\/script>\n<!-- \/ Yoast SEO plugin. -->","yoast_head_json":{"title":"Biliv Media","description":"Estudio boutique especializado en VFX, Motion Graphics, Modelado 3D, fotogrametr\u00eda, animaciones 3D y postproducci\u00f3n.","robots":{"index":"index","follow":"follow","max-snippet":"max-snippet:-1","max-image-preview":"max-image-preview:large","max-video-preview":"max-video-preview:-1"},"canonical":"https:\/\/www.bilivmedia.com\/en\/","og_locale":"en_US","og_type":"article","og_title":"Biliv Media","og_description":"Un estudio boutique argentino especializado en VFX, Motion Graphics, Modelado 3D, fotogrametr\u00eda, animaciones 3D y postproducci\u00f3n para publicidad y comerciales de TV.","og_url":"https:\/\/www.bilivmedia.com\/en\/","og_site_name":"Biliv Media","article_modified_time":"2026-02-03T21:49:32+00:00","og_image":[{"width":1200,"height":628,"url":"http:\/\/www.bilivmedia.com\/wp-content\/uploads\/2020\/08\/thumb.jpg","type":"image\/jpeg"}],"twitter_card":"summary_large_image","twitter_misc":{"Est. reading time":"1 minute"},"schema":{"@context":"https:\/\/schema.org","@graph":[{"@type":"WebPage","@id":"https:\/\/www.bilivmedia.com\/","url":"https:\/\/www.bilivmedia.com\/","name":"Biliv Media","isPartOf":{"@id":"https:\/\/www.bilivmedia.com\/#website"},"datePublished":"2018-10-09T11:03:31+00:00","dateModified":"2026-02-03T21:49:32+00:00","description":"Estudio boutique especializado en VFX, Motion Graphics, Modelado 3D, fotogrametr\u00eda, animaciones 3D y postproducci\u00f3n.","breadcrumb":{"@id":"https:\/\/www.bilivmedia.com\/#breadcrumb"},"inLanguage":"en-US","potentialAction":[{"@type":"ReadAction","target":["https:\/\/www.bilivmedia.com\/"]}]},{"@type":"BreadcrumbList","@id":"https:\/\/www.bilivmedia.com\/#breadcrumb","itemListElement":[{"@type":"ListItem","position":1,"name":"Inicio","item":"https:\/\/www.bilivmedia.com\/"},{"@type":"ListItem","position":2,"name":"INICIO"}]},{"@type":"WebSite","@id":"https:\/\/www.bilivmedia.com\/#website","url":"https:\/\/www.bilivmedia.com\/","name":"Biliv Media","description":"Estudio boutique de VFX, Motion Graphics, Dise\u00f1o gr\u00e1fico, Modelado 3D, fotogrametr\u00eda, animaciones 3D y postproducci\u00f3n.","publisher":{"@id":"https:\/\/www.bilivmedia.com\/#organization"},"potentialAction":[{"@type":"SearchAction","target":{"@type":"EntryPoint","urlTemplate":"https:\/\/www.bilivmedia.com\/?s={search_term_string}"},"query-input":{"@type":"PropertyValueSpecification","valueRequired":true,"valueName":"search_term_string"}}],"inLanguage":"en-US"},{"@type":"Organization","@id":"https:\/\/www.bilivmedia.com\/#organization","name":"Biliv Media","url":"https:\/\/www.bilivmedia.com\/","logo":{"@type":"ImageObject","inLanguage":"en-US","@id":"https:\/\/www.bilivmedia.com\/#\/schema\/logo\/image\/","url":"https:\/\/www.bilivmedia.com\/wp-content\/uploads\/2020\/08\/thumb.jpg","contentUrl":"https:\/\/www.bilivmedia.com\/wp-content\/uploads\/2020\/08\/thumb.jpg","width":1200,"height":628,"caption":"Biliv Media"},"image":{"@id":"https:\/\/www.bilivmedia.com\/#\/schema\/logo\/image\/"}}]}},"_links":{"self":[{"href":"https:\/\/www.bilivmedia.com\/en\/wp-json\/wp\/v2\/pages\/26","targetHints":{"allow":["GET"]}}],"collection":[{"href":"https:\/\/www.bilivmedia.com\/en\/wp-json\/wp\/v2\/pages"}],"about":[{"href":"https:\/\/www.bilivmedia.com\/en\/wp-json\/wp\/v2\/types\/page"}],"author":[{"embeddable":true,"href":"https:\/\/www.bilivmedia.com\/en\/wp-json\/wp\/v2\/users\/1"}],"replies":[{"embeddable":true,"href":"https:\/\/www.bilivmedia.com\/en\/wp-json\/wp\/v2\/comments?post=26"}],"version-history":[{"count":186,"href":"https:\/\/www.bilivmedia.com\/en\/wp-json\/wp\/v2\/pages\/26\/revisions"}],"predecessor-version":[{"id":1530,"href":"https:\/\/www.bilivmedia.com\/en\/wp-json\/wp\/v2\/pages\/26\/revisions\/1530"}],"wp:attachment":[{"href":"https:\/\/www.bilivmedia.com\/en\/wp-json\/wp\/v2\/media?parent=26"}],"curies":[{"name":"wp","href":"https:\/\/api.w.org\/{rel}","templated":true}]}}